{"id":30017,"date":"2019-01-18T12:06:33","date_gmt":"2019-01-18T12:06:33","guid":{"rendered":"http:\/\/opiatest.com\/merci-de-votre-suggestion\/"},"modified":"2019-04-10T18:44:25","modified_gmt":"2019-04-10T16:44:25","slug":"merci-de-votre-suggestion","status":"publish","type":"page","link":"https:\/\/opiatest.com\/ca\/merci-de-votre-suggestion\/","title":{"rendered":"Merci de votre suggestion !"},"content":{"rendered":"\r\n<p>Nous vous remercions d&#8217;avoir pris le temps de proposer une suggestion pour am\u00e9liorer Opiatest.<\/p>\r\n<p>Le groupe de travail \u00e9valuera la possibilit\u00e9 de l&#8217;int\u00e9grer dans des nouvelles versions de l&#8217;outil.<\/p>\r\n<p>Salutations.<\/p>\r\n<p><img loading=\"lazy\" decoding=\"async\" class=\"wp-image-29974  alignright\" src=\"http:\/\/opiatest.com\/wp-content\/uploads\/2019\/04\/hand.png\" alt=\"\" width=\"212\" height=\"235\" srcset=\"https:\/\/opiatest.com\/wp-content\/uploads\/2019\/04\/hand.png 300w, https:\/\/opiatest.com\/wp-content\/uploads\/2019\/04\/hand-271x300.png 271w\" sizes=\"(max-width: 212px) 100vw, 212px\" \/><\/p>\r\n<p>&nbsp;<\/p>\r\n<p>&nbsp;<\/p>\r\n<p>&nbsp;<\/p>\r\n<p>&nbsp;<\/p>\r\n\r\n\r\n","protected":false},"excerpt":{"rendered":"<p>Nous vous remercions d&#8217;avoir pris le temps de proposer une suggestion pour am\u00e9liorer Opiatest. Le groupe de travail \u00e9valuera la possibilit\u00e9 de l&#8217;int\u00e9grer dans des nouvelles versions de l&#8217;outil. Salutations. &nbsp; &nbsp; &nbsp; &nbsp;<\/p>\n","protected":false},"author":1,"featured_media":0,"parent":0,"menu_order":0,"comment_status":"closed","ping_status":"open","template":"","meta":{"_et_pb_use_builder":"","_et_pb_old_content":"","_et_gb_content_width":"","footnotes":""},"yoast_head":"<!-- This site is optimized with the Yoast SEO plugin v22.9 - https:\/\/yoast.com\/wordpress\/plugins\/seo\/ -->\n<title>Merci de votre suggestion ! - Opiatest<\/title>\n<meta name=\"description\" content=\"Nous vous remercions d&#039;avoir pris le temps de proposer une suggestion pour am\u00e9liorer Opiatest. Le groupe de travail \u00e9valuera la possibilit\u00e9 de l&#039;int\u00e9grer\" \/>\n<meta name=\"robots\" content=\"noindex, nofollow\" \/>\n<meta property=\"og:locale\" content=\"ca_ES\" \/>\n<meta property=\"og:type\" content=\"article\" \/>\n<meta property=\"og:title\" content=\"Merci de votre suggestion ! - Opiatest\" \/>\n<meta property=\"og:description\" content=\"Nous vous remercions d&#039;avoir pris le temps de proposer une suggestion pour am\u00e9liorer Opiatest. Le groupe de travail \u00e9valuera la possibilit\u00e9 de l&#039;int\u00e9grer\" \/>\n<meta property=\"og:url\" content=\"https:\/\/opiatest.com\/ca\/merci-de-votre-suggestion\/\" \/>\n<meta property=\"og:site_name\" content=\"Opiatest\" \/>\n<meta property=\"article:modified_time\" content=\"2019-04-10T16:44:25+00:00\" \/>\n<meta property=\"og:image\" content=\"http:\/\/opiatest.com\/wp-content\/uploads\/2019\/04\/hand.png\" \/>\n<meta name=\"twitter:card\" content=\"summary_large_image\" \/>\n<script type=\"application\/ld+json\" class=\"yoast-schema-graph\">{\"@context\":\"https:\/\/schema.org\",\"@graph\":[{\"@type\":\"WebPage\",\"@id\":\"https:\/\/opiatest.com\/ca\/merci-de-votre-suggestion\/\",\"url\":\"https:\/\/opiatest.com\/ca\/merci-de-votre-suggestion\/\",\"name\":\"Merci de votre suggestion ! - Opiatest\",\"isPartOf\":{\"@id\":\"https:\/\/opiatest.com\/ca\/#website\"},\"primaryImageOfPage\":{\"@id\":\"https:\/\/opiatest.com\/ca\/merci-de-votre-suggestion\/#primaryimage\"},\"image\":{\"@id\":\"https:\/\/opiatest.com\/ca\/merci-de-votre-suggestion\/#primaryimage\"},\"thumbnailUrl\":\"http:\/\/opiatest.com\/wp-content\/uploads\/2019\/04\/hand.png\",\"datePublished\":\"2019-01-18T12:06:33+00:00\",\"dateModified\":\"2019-04-10T16:44:25+00:00\",\"description\":\"Nous vous remercions d'avoir pris le temps de proposer une suggestion pour am\u00e9liorer Opiatest. Le groupe de travail \u00e9valuera la possibilit\u00e9 de l'int\u00e9grer\",\"breadcrumb\":{\"@id\":\"https:\/\/opiatest.com\/ca\/merci-de-votre-suggestion\/#breadcrumb\"},\"inLanguage\":\"ca\",\"potentialAction\":[{\"@type\":\"ReadAction\",\"target\":[\"https:\/\/opiatest.com\/ca\/merci-de-votre-suggestion\/\"]}]},{\"@type\":\"ImageObject\",\"inLanguage\":\"ca\",\"@id\":\"https:\/\/opiatest.com\/ca\/merci-de-votre-suggestion\/#primaryimage\",\"url\":\"http:\/\/opiatest.com\/wp-content\/uploads\/2019\/04\/hand.png\",\"contentUrl\":\"http:\/\/opiatest.com\/wp-content\/uploads\/2019\/04\/hand.png\"},{\"@type\":\"BreadcrumbList\",\"@id\":\"https:\/\/opiatest.com\/ca\/merci-de-votre-suggestion\/#breadcrumb\",\"itemListElement\":[{\"@type\":\"ListItem\",\"position\":1,\"name\":\"Accueil\",\"item\":\"https:\/\/opiatest.com\/ca\/\"},{\"@type\":\"ListItem\",\"position\":2,\"name\":\"Merci de votre suggestion !\"}]},{\"@type\":\"WebSite\",\"@id\":\"https:\/\/opiatest.com\/ca\/#website\",\"url\":\"https:\/\/opiatest.com\/ca\/\",\"name\":\"Opiatest\",\"description\":\"Adaptez votre traitement agoniste opiac\u00e9\",\"potentialAction\":[{\"@type\":\"SearchAction\",\"target\":{\"@type\":\"EntryPoint\",\"urlTemplate\":\"https:\/\/opiatest.com\/ca\/?s={search_term_string}\"},\"query-input\":\"required name=search_term_string\"}],\"inLanguage\":\"ca\"}]}<\/script>\n<!-- \/ Yoast SEO plugin. -->","yoast_head_json":{"title":"Merci de votre suggestion ! - Opiatest","description":"Nous vous remercions d'avoir pris le temps de proposer une suggestion pour am\u00e9liorer Opiatest. Le groupe de travail \u00e9valuera la possibilit\u00e9 de l'int\u00e9grer","robots":{"index":"noindex","follow":"nofollow"},"og_locale":"ca_ES","og_type":"article","og_title":"Merci de votre suggestion ! - Opiatest","og_description":"Nous vous remercions d'avoir pris le temps de proposer une suggestion pour am\u00e9liorer Opiatest. Le groupe de travail \u00e9valuera la possibilit\u00e9 de l'int\u00e9grer","og_url":"https:\/\/opiatest.com\/ca\/merci-de-votre-suggestion\/","og_site_name":"Opiatest","article_modified_time":"2019-04-10T16:44:25+00:00","og_image":[{"url":"http:\/\/opiatest.com\/wp-content\/uploads\/2019\/04\/hand.png"}],"twitter_card":"summary_large_image","schema":{"@context":"https:\/\/schema.org","@graph":[{"@type":"WebPage","@id":"https:\/\/opiatest.com\/ca\/merci-de-votre-suggestion\/","url":"https:\/\/opiatest.com\/ca\/merci-de-votre-suggestion\/","name":"Merci de votre suggestion ! - Opiatest","isPartOf":{"@id":"https:\/\/opiatest.com\/ca\/#website"},"primaryImageOfPage":{"@id":"https:\/\/opiatest.com\/ca\/merci-de-votre-suggestion\/#primaryimage"},"image":{"@id":"https:\/\/opiatest.com\/ca\/merci-de-votre-suggestion\/#primaryimage"},"thumbnailUrl":"http:\/\/opiatest.com\/wp-content\/uploads\/2019\/04\/hand.png","datePublished":"2019-01-18T12:06:33+00:00","dateModified":"2019-04-10T16:44:25+00:00","description":"Nous vous remercions d'avoir pris le temps de proposer une suggestion pour am\u00e9liorer Opiatest. Le groupe de travail \u00e9valuera la possibilit\u00e9 de l'int\u00e9grer","breadcrumb":{"@id":"https:\/\/opiatest.com\/ca\/merci-de-votre-suggestion\/#breadcrumb"},"inLanguage":"ca","potentialAction":[{"@type":"ReadAction","target":["https:\/\/opiatest.com\/ca\/merci-de-votre-suggestion\/"]}]},{"@type":"ImageObject","inLanguage":"ca","@id":"https:\/\/opiatest.com\/ca\/merci-de-votre-suggestion\/#primaryimage","url":"http:\/\/opiatest.com\/wp-content\/uploads\/2019\/04\/hand.png","contentUrl":"http:\/\/opiatest.com\/wp-content\/uploads\/2019\/04\/hand.png"},{"@type":"BreadcrumbList","@id":"https:\/\/opiatest.com\/ca\/merci-de-votre-suggestion\/#breadcrumb","itemListElement":[{"@type":"ListItem","position":1,"name":"Accueil","item":"https:\/\/opiatest.com\/ca\/"},{"@type":"ListItem","position":2,"name":"Merci de votre suggestion !"}]},{"@type":"WebSite","@id":"https:\/\/opiatest.com\/ca\/#website","url":"https:\/\/opiatest.com\/ca\/","name":"Opiatest","description":"Adaptez votre traitement agoniste opiac\u00e9","potentialAction":[{"@type":"SearchAction","target":{"@type":"EntryPoint","urlTemplate":"https:\/\/opiatest.com\/ca\/?s={search_term_string}"},"query-input":"required name=search_term_string"}],"inLanguage":"ca"}]}},"_links":{"self":[{"href":"https:\/\/opiatest.com\/ca\/wp-json\/wp\/v2\/pages\/30017"}],"collection":[{"href":"https:\/\/opiatest.com\/ca\/wp-json\/wp\/v2\/pages"}],"about":[{"href":"https:\/\/opiatest.com\/ca\/wp-json\/wp\/v2\/types\/page"}],"author":[{"embeddable":true,"href":"https:\/\/opiatest.com\/ca\/wp-json\/wp\/v2\/users\/1"}],"replies":[{"embeddable":true,"href":"https:\/\/opiatest.com\/ca\/wp-json\/wp\/v2\/comments?post=30017"}],"version-history":[{"count":1,"href":"https:\/\/opiatest.com\/ca\/wp-json\/wp\/v2\/pages\/30017\/revisions"}],"predecessor-version":[{"id":30023,"href":"https:\/\/opiatest.com\/ca\/wp-json\/wp\/v2\/pages\/30017\/revisions\/30023"}],"wp:attachment":[{"href":"https:\/\/opiatest.com\/ca\/wp-json\/wp\/v2\/media?parent=30017"}],"curies":[{"name":"wp","href":"https:\/\/api.w.org\/{rel}","templated":true}]}}